{"id":3571,"date":"2021-10-27T19:14:06","date_gmt":"2021-10-27T19:14:06","guid":{"rendered":"https:\/\/shukrangroup.com\/?page_id=3571"},"modified":"2021-11-22T20:11:27","modified_gmt":"2021-11-22T20:11:27","slug":"politica-cookies","status":"publish","type":"page","link":"https:\/\/shukran.es\/eng\/politica-cookies\/","title":{"rendered":"Pol\u00edtica de cookies"},"content":{"rendered":"<div data-elementor-type=\"wp-page\" data-elementor-id=\"3571\" class=\"elementor elementor-3571\">\n\t\t\t\t\t\t\t\t\t<section class=\"elementor-section elementor-top-section elementor-element elementor-element-3ad78535 elementor-section-boxed elementor-section-height-default elementor-section-height-default\" data-id=\"3ad78535\" data-element_type=\"section\">\n\t\t\t\t\t\t<div class=\"elementor-container elementor-column-gap-default\">\n\t\t\t\t\t<div class=\"elementor-column elementor-col-100 elementor-top-column elementor-element elementor-element-24ea2089\" data-id=\"24ea2089\" data-element_type=\"column\">\n\t\t\t<div class=\"elementor-widget-wrap elementor-element-populated\">\n\t\t\t\t\t\t\t\t<div class=\"elementor-element elementor-element-35067bae elementor-widget elementor-widget-heading\" data-id=\"35067bae\" data-element_type=\"widget\" data-widget_type=\"heading.default\">\n\t\t\t\t<div class=\"elementor-widget-container\">\n\t\t\t<style>\/*! elementor - v3.14.0 - 26-06-2023 *\/\n.elementor-heading-title{padding:0;margin:0;line-height:1}.elementor-widget-heading .elementor-heading-title[class*=elementor-size-]>a{color:inherit;font-size:inherit;line-height:inherit}.elementor-widget-heading .elementor-heading-title.elementor-size-small{font-size:15px}.elementor-widget-heading .elementor-heading-title.elementor-size-medium{font-size:19px}.elementor-widget-heading .elementor-heading-title.elementor-size-large{font-size:29px}.elementor-widget-heading .elementor-heading-title.elementor-size-xl{font-size:39px}.elementor-widget-heading .elementor-heading-title.elementor-size-xxl{font-size:59px}<\/style><h1 class=\"elementor-heading-title elementor-size-default\">Pol\u00edtica de cookies<\/h1>\t\t<\/div>\n\t\t\t\t<\/div>\n\t\t\t\t<div class=\"elementor-element elementor-element-4c7193d8 elementor-widget-divider--view-line elementor-widget elementor-widget-divider\" data-id=\"4c7193d8\" data-element_type=\"widget\" data-widget_type=\"divider.default\">\n\t\t\t\t<div class=\"elementor-widget-container\">\n\t\t\t<style>\/*! elementor - v3.14.0 - 26-06-2023 *\/\n.elementor-widget-divider{--divider-border-style:none;--divider-border-width:1px;--divider-color:#0c0d0e;--divider-icon-size:20px;--divider-element-spacing:10px;--divider-pattern-height:24px;--divider-pattern-size:20px;--divider-pattern-url:none;--divider-pattern-repeat:repeat-x}.elementor-widget-divider .elementor-divider{display:flex}.elementor-widget-divider .elementor-divider__text{font-size:15px;line-height:1;max-width:95%}.elementor-widget-divider .elementor-divider__element{margin:0 var(--divider-element-spacing);flex-shrink:0}.elementor-widget-divider .elementor-icon{font-size:var(--divider-icon-size)}.elementor-widget-divider .elementor-divider-separator{display:flex;margin:0;direction:ltr}.elementor-widget-divider--view-line_icon .elementor-divider-separator,.elementor-widget-divider--view-line_text .elementor-divider-separator{align-items:center}.elementor-widget-divider--view-line_icon .elementor-divider-separator:after,.elementor-widget-divider--view-line_icon .elementor-divider-separator:before,.elementor-widget-divider--view-line_text .elementor-divider-separator:after,.elementor-widget-divider--view-line_text .elementor-divider-separator:before{display:block;content:\"\";border-bottom:0;flex-grow:1;border-top:var(--divider-border-width) var(--divider-border-style) var(--divider-color)}.elementor-widget-divider--element-align-left .elementor-divider .elementor-divider-separator>.elementor-divider__svg:first-of-type{flex-grow:0;flex-shrink:100}.elementor-widget-divider--element-align-left .elementor-divider-separator:before{content:none}.elementor-widget-divider--element-align-left .elementor-divider__element{margin-left:0}.elementor-widget-divider--element-align-right .elementor-divider .elementor-divider-separator>.elementor-divider__svg:last-of-type{flex-grow:0;flex-shrink:100}.elementor-widget-divider--element-align-right .elementor-divider-separator:after{content:none}.elementor-widget-divider--element-align-right .elementor-divider__element{margin-right:0}.elementor-widget-divider:not(.elementor-widget-divider--view-line_text):not(.elementor-widget-divider--view-line_icon) .elementor-divider-separator{border-top:var(--divider-border-width) var(--divider-border-style) var(--divider-color)}.elementor-widget-divider--separator-type-pattern{--divider-border-style:none}.elementor-widget-divider--separator-type-pattern.elementor-widget-divider--view-line .elementor-divider-separator,.elementor-widget-divider--separator-type-pattern:not(.elementor-widget-divider--view-line) .elementor-divider-separator:after,.elementor-widget-divider--separator-type-pattern:not(.elementor-widget-divider--view-line) .elementor-divider-separator:before,.elementor-widget-divider--separator-type-pattern:not([class*=elementor-widget-divider--view]) .elementor-divider-separator{width:100%;min-height:var(--divider-pattern-height);-webkit-mask-size:var(--divider-pattern-size) 100%;mask-size:var(--divider-pattern-size) 100%;-webkit-mask-repeat:var(--divider-pattern-repeat);mask-repeat:var(--divider-pattern-repeat);background-color:var(--divider-color);-webkit-mask-image:var(--divider-pattern-url);mask-image:var(--divider-pattern-url)}.elementor-widget-divider--no-spacing{--divider-pattern-size:auto}.elementor-widget-divider--bg-round{--divider-pattern-repeat:round}.rtl .elementor-widget-divider .elementor-divider__text{direction:rtl}.e-con-inner>.elementor-widget-divider,.e-con>.elementor-widget-divider{width:var(--container-widget-width,100%);--flex-grow:var(--container-widget-flex-grow)}<\/style>\t\t<div class=\"elementor-divider\">\n\t\t\t<span class=\"elementor-divider-separator\">\n\t\t\t\t\t\t<\/span>\n\t\t<\/div>\n\t\t\t\t<\/div>\n\t\t\t\t<\/div>\n\t\t\t\t\t<\/div>\n\t\t<\/div>\n\t\t\t\t\t\t\t<\/div>\n\t\t<\/section>\n\t\t\t\t<section class=\"elementor-section elementor-top-section elementor-element elementor-element-3af68d0 elementor-section-boxed elementor-section-height-default elementor-section-height-default\" data-id=\"3af68d0\" data-element_type=\"section\">\n\t\t\t\t\t\t<div class=\"elementor-container elementor-column-gap-default\">\n\t\t\t\t\t<div class=\"elementor-column elementor-col-100 elementor-top-column elementor-element elementor-element-412531b\" data-id=\"412531b\" data-element_type=\"column\">\n\t\t\t<div class=\"elementor-widget-wrap elementor-element-populated\">\n\t\t\t\t\t\t\t\t<div class=\"elementor-element elementor-element-2b1b08a elementor-widget elementor-widget-text-editor\" data-id=\"2b1b08a\" data-element_type=\"widget\" data-widget_type=\"text-editor.default\">\n\t\t\t\t<div class=\"elementor-widget-container\">\n\t\t\t<style>\/*! elementor - v3.14.0 - 26-06-2023 *\/\n.elementor-widget-text-editor.elementor-drop-cap-view-stacked .elementor-drop-cap{background-color:#69727d;color:#fff}.elementor-widget-text-editor.elementor-drop-cap-view-framed .elementor-drop-cap{color:#69727d;border:3px solid;background-color:transparent}.elementor-widget-text-editor:not(.elementor-drop-cap-view-default) .elementor-drop-cap{margin-top:8px}.elementor-widget-text-editor:not(.elementor-drop-cap-view-default) .elementor-drop-cap-letter{width:1em;height:1em}.elementor-widget-text-editor .elementor-drop-cap{float:left;text-align:center;line-height:1;font-size:50px}.elementor-widget-text-editor .elementor-drop-cap-letter{display:inline-block}<\/style>\t\t\t\t<h3 style=\"font-family: 'AzoSans Regular';margin-top: 30px\">POL\u00cdTICA DE COOKIES<\/h3>\nConforme a lo dispuesto en el art\u00edculo 22.2 de la Ley 34\/2002, de 11 de julio, de Servicios de la Sociedad de la Informaci\u00f3n y de Comercio Electr\u00f3nico (LSSI-CE) vigente, SOIFA ALIMENTACION SL debe cumplir con la obligaci\u00f3n de informar sobre las cookies que utiliza y sus finalidades.\n\nEste sitio web utiliza cookies y\/o tecnolog\u00edas similares que almacenan y recuperan informaci\u00f3n cuando navegas. Las cookies permiten a una p\u00e1gina web, entre otras cosas, almacenar y recuperar informaci\u00f3n sobre los h\u00e1bitos\nde navegaci\u00f3n de un Usuario o de su equipo y, dependiendo de la informaci\u00f3n que contenga y de la forma en que utilice su equipo, pueden utilizarse para reconocer al Usuario.\n\nLas cookies son esenciales para el funcionamiento de internet, aportando innumerables ventajas en la prestaci\u00f3n\nde servicios interactivos, facilit\u00e1ndole al Usuario la navegaci\u00f3n y usabilidad de nuestra web.\n\nEl usuario puede modificar la configuraci\u00f3n personalizada AQUI\n\nLa informaci\u00f3n que le proporcionamos a continuaci\u00f3n, le ayudar\u00e1 a comprender los diferentes tipos de cookies:\n<table class=\"shukranTableFAQ\">\n<tbody>\n<tr>\n<td colspan=\"3\" width=\"597\"><strong>TIPOS DE COOKIES<\/strong><\/td>\n<\/tr>\n<tr>\n<td rowspan=\"2\" width=\"162\">SEG\u00daN LA ENTIDAD QUE LAS GESTIONE<\/td>\n<td width=\"180\">Cookies propias<\/td>\n<td width=\"255\">Son aquellas que se env\u00edan al equipo terminal del usuario desde un equipo o dominio gestionado por el propio editor y desde el que se presta el servicio solicitado por el usuario<\/td>\n<\/tr>\n<tr>\n<td width=\"180\">Cookies de tercero<\/td>\n<td width=\"255\">Son aquellas que se env\u00edan al equipo terminal del usuario desde un equipo o dominio que no es gestionado por el editor, sino por otra entidad que trata los datos obtenidos a trav\u00e9s de las cookies.<\/td>\n<\/tr>\n<tr>\n<td rowspan=\"2\" width=\"162\">SEG\u00daN EL PLAZO DE TIEMPO QUE PERMANEZCAN ACTIVADAS<\/td>\n<td width=\"180\">Cookies de sesi\u00f3n<\/td>\n<td width=\"255\">Son aquellas dise\u00f1adas para recabar y almacenar datos mientras el usuario accede a una p\u00e1gina web. Se suelen emplear para almacenar informaci\u00f3n que solo interesa conservar para la prestaci\u00f3n del servicio solicitado por el usuario en una sola ocasi\u00f3n (por ejemplo, una lista de productos adquiridos) y desaparecen al terminar la sesi\u00f3n<\/td>\n<\/tr>\n<tr>\n<td width=\"180\">Cookies persistentes<\/td>\n<td width=\"255\">Son aquellas en las que los datos siguen almacenados en el terminal y pueden ser accedidos y tratados durante un periodo definido por el responsable de la cookie, y que puede ir de unos minutos a varios a\u00f1os.<\/td>\n<\/tr>\n<tr>\n<td rowspan=\"5\" width=\"162\">SEG\u00daN SU FINALIDAD<\/td>\n<td width=\"180\">Cookies t\u00e9cnicas<\/td>\n<td width=\"255\">Son aquellas que permiten al usuario la navegaci\u00f3n a trav\u00e9s de una p\u00e1gina web, plataforma o aplicaci\u00f3n y la utilizaci\u00f3n de las diferentes opciones o servicios que en ella existan.<\/td>\n<\/tr>\n<tr>\n<td width=\"180\">Cookies de personalizaci\u00f3n<\/td>\n<td width=\"255\">Permiten aplicar caracter\u00edsticas propias para la navegaci\u00f3n del usuario por el website (Ej. idioma).<\/td>\n<\/tr>\n<tr>\n<td width=\"180\">Cookies de an\u00e1lisis<\/td>\n<td width=\"255\">Son aquellas que permiten al responsable de las mismas el seguimiento y an\u00e1lisis del comportamiento de los usuarios de los sitios web a los que est\u00e1n vinculadas, incluida la asesoramiento y adaptaci\u00f3n a la lssi-ce \u00b7 documentaci\u00f3n cuantificaci\u00f3n de los impactos de los anuncios. La informaci\u00f3n recogida mediante este tipo de cookies se utiliza en la medici\u00f3n de la actividad de los sitios web, aplicaci\u00f3n o plataforma, con el fin de introducir mejoras en funci\u00f3n del an\u00e1lisis de los datos de uso que hacen los usuarios del servicio.<\/td>\n<\/tr>\n<tr>\n<td width=\"180\">Cookies \u00a0publicitarias<\/td>\n<td width=\"255\">Permiten al editor incluir en la p\u00e1gina web espacios publicitarios, seg\u00fan el contenido de la propia web.<\/td>\n<\/tr>\n<tr>\n<td width=\"180\">Cookies de publicidad comportamental<\/td>\n<td width=\"255\">Son aquellas que almacenan informaci\u00f3n del comportamiento de los usuarios obtenida a trav\u00e9s de la observaci\u00f3n continuada de sus h\u00e1bitos de navegaci\u00f3n, lo que permite desarrollar un perfil espec\u00edfico para mostrar publicidad en funci\u00f3n del mismo.<\/td>\n<\/tr>\n<\/tbody>\n<\/table>\nAdicionalmente, SOIFA ALIMENTACION SL informa de manera m\u00e1s detallada de las cookies que utiliza sus titulares, el uso o finalidad concreta, los plazos de conservaci\u00f3n as\u00ed como de las Transferencias Internacionales de datos de cada una de ellas utilizadas en nuestra p\u00e1gina web:\n<table class=\"shukranTableFAQ\">\n<tbody>\n<tr>\n<td colspan=\"2\" rowspan=\"2\" width=\"196\"><\/td>\n<td colspan=\"4\" width=\"454\"><strong>TIPOS DE COOKIES<\/strong><\/td>\n<\/tr>\n<tr>\n<td width=\"104\">Cookies propias<\/td>\n<td width=\"123\">Cookies de tercero<\/td>\n<td width=\"104\">Cookies de sesi\u00f3n<\/td>\n<td width=\"123\">Cookies persistentes<\/td>\n<\/tr>\n<tr>\n<td rowspan=\"5\" width=\"33\"><strong>F<\/strong><strong>I<\/strong><strong>NA<\/strong><strong>L<\/strong><strong>I<\/strong><strong>DAD<\/strong><\/td>\n<td width=\"163\">Cookies t\u00e9cnicas<\/td>\n<td width=\"104\"><\/td>\n<td width=\"123\"><\/td>\n<td width=\"104\"><\/td>\n<td width=\"123\"><\/td>\n<\/tr>\n<tr>\n<td width=\"163\">Cookies de personalizaci\u00f3n<\/td>\n<td width=\"104\"><\/td>\n<td width=\"123\"><\/td>\n<td width=\"104\"><\/td>\n<td width=\"123\"><\/td>\n<\/tr>\n<tr>\n<td width=\"163\">Cookies de an\u00e1lisis<\/td>\n<td width=\"104\"><\/td>\n<td width=\"123\"><\/td>\n<td width=\"104\"><\/td>\n<td width=\"123\"><\/td>\n<\/tr>\n<tr>\n<td width=\"163\">Cookies \u00a0publicitarias<\/td>\n<td width=\"104\"><\/td>\n<td width=\"123\"><\/td>\n<td width=\"104\"><\/td>\n<td width=\"123\"><\/td>\n<\/tr>\n<tr>\n<td width=\"163\">Cookies de publicidad comportamental<\/td>\n<td width=\"104\"><\/td>\n<td width=\"123\"><\/td>\n<td width=\"104\"><\/td>\n<td width=\"123\"><\/td>\n<\/tr>\n<\/tbody>\n<\/table>\nT\u00e9ngase en cuenta que, si acepta las cookies de terceros, deber\u00e1 eliminarlas desde las opciones del navegador o desde el sistema ofrecido por el propio tercero.\n\nA continuaci\u00f3n le proporcionamos los enlaces de diversos navegadores, a trav\u00e9s de los cuales podr\u00e1 modificar la configuraci\u00f3n de su navegador sobre el uso de cookies:\n<br \/><br \/>\n<ul>\n \t<li><div class=\"item-wrapper\"><strong>Firefox desde aqu\u00ed:\u00a0<\/strong><a href=\"http:\/\/support.mozilla.org\/es\/kb\/habilitar-y-deshabilitar-cookies-que-los-sitios-we\">http:\/\/support.mozilla.org\/es\/kb\/habilitar-y-deshabilitar-cookies-que-los-\u00a0<\/a><a href=\"http:\/\/support.mozilla.org\/es\/kb\/habilitar-y-deshabilitar-cookies-que-los-sitios-we\">sitios-we<\/a><\/div><\/li>\n \t<li><div class=\"item-wrapper\"><strong><em>Chrome desde aqu\u00ed:\u00a0<\/em><\/strong><a href=\"http:\/\/support.google.com\/chrome\/bin\/answer.py?hl=es&amp;answer=95647\"><em>http:\/\/support.google.com\/chrome\/bin\/answer.py?hl=es&amp;answer=95647\u00a0<\/em><\/a><\/div><\/li>\n \t<li><div class=\"item-wrapper\"><strong><em>Explorer desde aqu\u00ed:\u00a0<\/em><\/strong><a href=\"http:\/\/windows.microsoft.com\/es-es\/internet-explorer\/delete-manage-cookies#ie%3Die-10\"><em>http:\/\/windows.microsoft.com\/es-es\/internet-explorer\/delete-manage-\u00a0<\/em><\/a><a href=\"http:\/\/windows.microsoft.com\/es-es\/internet-explorer\/delete-manage-cookies#ie%3Die-10\"><em>cookies#ie=ie-10<\/em><\/a><\/div><\/li>\n \t<li><div class=\"item-wrapper\"><strong><em>Safari\u00a0 desde\u00a0 aqu\u00ed:\u00a0<\/em><\/strong><a href=\"https:\/\/support.apple.com\/kb\/ph17191?locale=es_ES\"><em>https:\/\/support.apple.com\/kb\/ph17191?locale=es_ES<\/em><\/a><\/div><\/li>\n \t<li><div class=\"item-wrapper\"><strong><em>Opera\u00a0 desde\u00a0 aqu\u00ed:\u00a0<\/em><\/strong><a href=\"http:\/\/help.opera.com\/Windows\/11.50\/es-ES\/cookies.html\"><em>http:\/\/help.opera.com\/Windows\/11.50\/es-ES\/cookies.html<\/em><\/a><\/div><\/li>\n<\/ul>\nPara conocer m\u00e1s informaci\u00f3n sobre el tratamiento de datos personales, le recomendamos visitar nuestro apartado \u201c<a href=\"https:\/\/tasteshukran.com\/politica-de-privacidad\/\"><strong>Pol\u00edtica de Privacidad<\/strong><\/a>\u201d.\t\t\t\t\t\t<\/div>\n\t\t\t\t<\/div>\n\t\t\t\t\t<\/div>\n\t\t<\/div>\n\t\t\t\t\t\t\t<\/div>\n\t\t<\/section>\n\t\t\t\t\t\t\t<\/div>","protected":false},"excerpt":{"rendered":"<p>Pol\u00edtica de cookies POL\u00cdTICA DE COOKIES Conforme a lo dispuesto en el art\u00edculo 22.2 de la Ley 34\/2002, de 11 de julio, de Servicios de la Sociedad de la Informaci\u00f3n y de Comercio Electr\u00f3nico (LSSI-CE) vigente, SOIFA ALIMENTACION SL debe cumplir con la obligaci\u00f3n de informar sobre las cookies que utiliza y sus finalidades. Este [&hellip;]<\/p>","protected":false},"author":1,"featured_media":0,"parent":0,"menu_order":0,"comment_status":"closed","ping_status":"closed","template":"elementor_header_footer","meta":{"_acf_changed":false,"footnotes":""},"class_list":["post-3571","page","type-page","status-publish","hentry"],"acf":[],"yoast_head":"<!-- This site is optimized with the Yoast SEO plugin v26.1.1 - https:\/\/yoast.com\/wordpress\/plugins\/seo\/ -->\n<title>Pol\u00edtica de cookies - Shukran Foods<\/title>\n<meta name=\"robots\" content=\"index, follow, max-snippet:-1, max-image-preview:large, max-video-preview:-1\" \/>\n<link rel=\"canonical\" href=\"https:\/\/shukran.es\/eng\/politica-cookies\/\" \/>\n<meta property=\"og:locale\" content=\"en_US\" \/>\n<meta property=\"og:type\" content=\"article\" \/>\n<meta property=\"og:title\" content=\"Pol\u00edtica de cookies - Shukran Foods\" \/>\n<meta property=\"og:description\" content=\"Pol\u00edtica de cookies POL\u00cdTICA DE COOKIES Conforme a lo dispuesto en el art\u00edculo 22.2 de la Ley 34\/2002, de 11 de julio, de Servicios de la Sociedad de la Informaci\u00f3n y de Comercio Electr\u00f3nico (LSSI-CE) vigente, SOIFA ALIMENTACION SL debe cumplir con la obligaci\u00f3n de informar sobre las cookies que utiliza y sus finalidades. Este [&hellip;]\" \/>\n<meta property=\"og:url\" content=\"https:\/\/shukran.es\/eng\/politica-cookies\/\" \/>\n<meta property=\"og:site_name\" content=\"Shukran Foods\" \/>\n<meta property=\"article:publisher\" content=\"https:\/\/www.facebook.com\/HummusShukran\" \/>\n<meta property=\"article:modified_time\" content=\"2021-11-22T20:11:27+00:00\" \/>\n<meta name=\"twitter:card\" content=\"summary_large_image\" \/>\n<meta name=\"twitter:site\" content=\"@shukran_foods\" \/>\n<meta name=\"twitter:label1\" content=\"Est. reading time\" \/>\n\t<meta name=\"twitter:data1\" content=\"4 minutes\" \/>\n<script type=\"application\/ld+json\" class=\"yoast-schema-graph\">{\"@context\":\"https:\/\/schema.org\",\"@graph\":[{\"@type\":\"WebPage\",\"@id\":\"https:\/\/shukran.es\/politica-cookies\/\",\"url\":\"https:\/\/shukran.es\/politica-cookies\/\",\"name\":\"Pol\u00edtica de cookies - Shukran Foods\",\"isPartOf\":{\"@id\":\"https:\/\/shukran.es\/#website\"},\"datePublished\":\"2021-10-27T19:14:06+00:00\",\"dateModified\":\"2021-11-22T20:11:27+00:00\",\"breadcrumb\":{\"@id\":\"https:\/\/shukran.es\/politica-cookies\/#breadcrumb\"},\"inLanguage\":\"en-US\",\"potentialAction\":[{\"@type\":\"ReadAction\",\"target\":[\"https:\/\/shukran.es\/politica-cookies\/\"]}]},{\"@type\":\"BreadcrumbList\",\"@id\":\"https:\/\/shukran.es\/politica-cookies\/#breadcrumb\",\"itemListElement\":[{\"@type\":\"ListItem\",\"position\":1,\"name\":\"Portada\",\"item\":\"https:\/\/shukran.es\/\"},{\"@type\":\"ListItem\",\"position\":2,\"name\":\"Pol\u00edtica de cookies\"}]},{\"@type\":\"WebSite\",\"@id\":\"https:\/\/shukran.es\/#website\",\"url\":\"https:\/\/shukran.es\/\",\"name\":\"Shukran Foods\",\"description\":\"Hummus 100% Natural para toda la familia\",\"publisher\":{\"@id\":\"https:\/\/shukran.es\/#organization\"},\"potentialAction\":[{\"@type\":\"SearchAction\",\"target\":{\"@type\":\"EntryPoint\",\"urlTemplate\":\"https:\/\/shukran.es\/?s={search_term_string}\"},\"query-input\":{\"@type\":\"PropertyValueSpecification\",\"valueRequired\":true,\"valueName\":\"search_term_string\"}}],\"inLanguage\":\"en-US\"},{\"@type\":\"Organization\",\"@id\":\"https:\/\/shukran.es\/#organization\",\"name\":\"Shukran\",\"url\":\"https:\/\/shukran.es\/\",\"logo\":{\"@type\":\"ImageObject\",\"inLanguage\":\"en-US\",\"@id\":\"https:\/\/shukran.es\/#\/schema\/logo\/image\/\",\"url\":\"https:\/\/shukran.es\/wp-content\/uploads\/2021\/11\/Logo_Shukran.png\",\"contentUrl\":\"https:\/\/shukran.es\/wp-content\/uploads\/2021\/11\/Logo_Shukran.png\",\"width\":220,\"height\":106,\"caption\":\"Shukran\"},\"image\":{\"@id\":\"https:\/\/shukran.es\/#\/schema\/logo\/image\/\"},\"sameAs\":[\"https:\/\/www.facebook.com\/HummusShukran\",\"https:\/\/x.com\/shukran_foods\",\"https:\/\/www.instagram.com\/shukran_foods\/\",\"https:\/\/www.linkedin.com\/company\/shukran\/?originalSubdomain=es\",\"https:\/\/www.youtube.com\/user\/ShukranRestaurant\"]}]}<\/script>\n<!-- \/ Yoast SEO plugin. -->","yoast_head_json":{"title":"Pol\u00edtica de cookies - Shukran Foods","robots":{"index":"index","follow":"follow","max-snippet":"max-snippet:-1","max-image-preview":"max-image-preview:large","max-video-preview":"max-video-preview:-1"},"canonical":"https:\/\/shukran.es\/eng\/politica-cookies\/","og_locale":"en_US","og_type":"article","og_title":"Pol\u00edtica de cookies - Shukran Foods","og_description":"Pol\u00edtica de cookies POL\u00cdTICA DE COOKIES Conforme a lo dispuesto en el art\u00edculo 22.2 de la Ley 34\/2002, de 11 de julio, de Servicios de la Sociedad de la Informaci\u00f3n y de Comercio Electr\u00f3nico (LSSI-CE) vigente, SOIFA ALIMENTACION SL debe cumplir con la obligaci\u00f3n de informar sobre las cookies que utiliza y sus finalidades. Este [&hellip;]","og_url":"https:\/\/shukran.es\/eng\/politica-cookies\/","og_site_name":"Shukran Foods","article_publisher":"https:\/\/www.facebook.com\/HummusShukran","article_modified_time":"2021-11-22T20:11:27+00:00","twitter_card":"summary_large_image","twitter_site":"@shukran_foods","twitter_misc":{"Est. reading time":"4 minutes"},"schema":{"@context":"https:\/\/schema.org","@graph":[{"@type":"WebPage","@id":"https:\/\/shukran.es\/politica-cookies\/","url":"https:\/\/shukran.es\/politica-cookies\/","name":"Pol\u00edtica de cookies - Shukran Foods","isPartOf":{"@id":"https:\/\/shukran.es\/#website"},"datePublished":"2021-10-27T19:14:06+00:00","dateModified":"2021-11-22T20:11:27+00:00","breadcrumb":{"@id":"https:\/\/shukran.es\/politica-cookies\/#breadcrumb"},"inLanguage":"en-US","potentialAction":[{"@type":"ReadAction","target":["https:\/\/shukran.es\/politica-cookies\/"]}]},{"@type":"BreadcrumbList","@id":"https:\/\/shukran.es\/politica-cookies\/#breadcrumb","itemListElement":[{"@type":"ListItem","position":1,"name":"Portada","item":"https:\/\/shukran.es\/"},{"@type":"ListItem","position":2,"name":"Pol\u00edtica de cookies"}]},{"@type":"WebSite","@id":"https:\/\/shukran.es\/#website","url":"https:\/\/shukran.es\/","name":"Shukran Foods","description":"Hummus 100% Natural para toda la familia","publisher":{"@id":"https:\/\/shukran.es\/#organization"},"potentialAction":[{"@type":"SearchAction","target":{"@type":"EntryPoint","urlTemplate":"https:\/\/shukran.es\/?s={search_term_string}"},"query-input":{"@type":"PropertyValueSpecification","valueRequired":true,"valueName":"search_term_string"}}],"inLanguage":"en-US"},{"@type":"Organization","@id":"https:\/\/shukran.es\/#organization","name":"Shukran","url":"https:\/\/shukran.es\/","logo":{"@type":"ImageObject","inLanguage":"en-US","@id":"https:\/\/shukran.es\/#\/schema\/logo\/image\/","url":"https:\/\/shukran.es\/wp-content\/uploads\/2021\/11\/Logo_Shukran.png","contentUrl":"https:\/\/shukran.es\/wp-content\/uploads\/2021\/11\/Logo_Shukran.png","width":220,"height":106,"caption":"Shukran"},"image":{"@id":"https:\/\/shukran.es\/#\/schema\/logo\/image\/"},"sameAs":["https:\/\/www.facebook.com\/HummusShukran","https:\/\/x.com\/shukran_foods","https:\/\/www.instagram.com\/shukran_foods\/","https:\/\/www.linkedin.com\/company\/shukran\/?originalSubdomain=es","https:\/\/www.youtube.com\/user\/ShukranRestaurant"]}]}},"_links":{"self":[{"href":"https:\/\/shukran.es\/eng\/wp-json\/wp\/v2\/pages\/3571","targetHints":{"allow":["GET"]}}],"collection":[{"href":"https:\/\/shukran.es\/eng\/wp-json\/wp\/v2\/pages"}],"about":[{"href":"https:\/\/shukran.es\/eng\/wp-json\/wp\/v2\/types\/page"}],"author":[{"embeddable":true,"href":"https:\/\/shukran.es\/eng\/wp-json\/wp\/v2\/users\/1"}],"replies":[{"embeddable":true,"href":"https:\/\/shukran.es\/eng\/wp-json\/wp\/v2\/comments?post=3571"}],"version-history":[{"count":7,"href":"https:\/\/shukran.es\/eng\/wp-json\/wp\/v2\/pages\/3571\/revisions"}],"predecessor-version":[{"id":6462,"href":"https:\/\/shukran.es\/eng\/wp-json\/wp\/v2\/pages\/3571\/revisions\/6462"}],"wp:attachment":[{"href":"https:\/\/shukran.es\/eng\/wp-json\/wp\/v2\/media?parent=3571"}],"curies":[{"name":"wp","href":"https:\/\/api.w.org\/{rel}","templated":true}]}}