{"id":8684,"date":"2023-07-24T19:38:50","date_gmt":"2023-07-24T19:38:50","guid":{"rendered":"https:\/\/shukran.es\/?page_id=8684"},"modified":"2023-07-24T19:42:57","modified_gmt":"2023-07-24T19:42:57","slug":"shukran-foods-y-mensajeros-de-la-paz-reparten-150-menus-por-san-isidro-para-los-mas-necesitados","status":"publish","type":"page","link":"https:\/\/shukran.es\/eng\/shukran-foods-y-mensajeros-de-la-paz-reparten-150-menus-por-san-isidro-para-los-mas-necesitados\/","title":{"rendered":"Shukran Foods and Mensajeros de la Paz distribute 150 menus for San Isidro to the needy"},"content":{"rendered":"<div data-elementor-type=\"wp-page\" data-elementor-id=\"8684\" class=\"elementor elementor-8684\">\n\t\t\t\t\t\t\t\t\t<section class=\"elementor-section elementor-top-section elementor-element elementor-element-02232d3 elementor-section-boxed elementor-section-height-default elementor-section-height-default\" data-id=\"02232d3\" data-element_type=\"section\">\n\t\t\t\t\t\t<div class=\"elementor-container elementor-column-gap-default\">\n\t\t\t\t\t<div class=\"elementor-column elementor-col-100 elementor-top-column elementor-element elementor-element-18dd1d2\" data-id=\"18dd1d2\" data-element_type=\"column\">\n\t\t\t<div class=\"elementor-widget-wrap elementor-element-populated\">\n\t\t\t\t\t\t\t\t<div class=\"elementor-element elementor-element-a3fd1d7 elementor-widget elementor-widget-heading\" data-id=\"a3fd1d7\" data-element_type=\"widget\" data-widget_type=\"heading.default\">\n\t\t\t\t<div class=\"elementor-widget-container\">\n\t\t\t<style>\/*! elementor - v3.14.0 - 26-06-2023 *\/\n.elementor-heading-title{padding:0;margin:0;line-height:1}.elementor-widget-heading .elementor-heading-title[class*=elementor-size-]>a{color:inherit;font-size:inherit;line-height:inherit}.elementor-widget-heading .elementor-heading-title.elementor-size-small{font-size:15px}.elementor-widget-heading .elementor-heading-title.elementor-size-medium{font-size:19px}.elementor-widget-heading .elementor-heading-title.elementor-size-large{font-size:29px}.elementor-widget-heading .elementor-heading-title.elementor-size-xl{font-size:39px}.elementor-widget-heading .elementor-heading-title.elementor-size-xxl{font-size:59px}<\/style><h2 class=\"elementor-heading-title elementor-size-default\">Shukran Foods and Mensajeros de la Paz distribute 150 menus for San Isidro to the needy<\/h2>\t\t<\/div>\n\t\t\t\t<\/div>\n\t\t\t\t<div class=\"elementor-element elementor-element-3957490 elementor-widget-divider--view-line elementor-widget elementor-widget-divider\" data-id=\"3957490\" data-element_type=\"widget\" data-widget_type=\"divider.default\">\n\t\t\t\t<div class=\"elementor-widget-container\">\n\t\t\t<style>\/*! elementor - v3.14.0 - 26-06-2023 *\/\n.elementor-widget-divider{--divider-border-style:none;--divider-border-width:1px;--divider-color:#0c0d0e;--divider-icon-size:20px;--divider-element-spacing:10px;--divider-pattern-height:24px;--divider-pattern-size:20px;--divider-pattern-url:none;--divider-pattern-repeat:repeat-x}.elementor-widget-divider .elementor-divider{display:flex}.elementor-widget-divider .elementor-divider__text{font-size:15px;line-height:1;max-width:95%}.elementor-widget-divider .elementor-divider__element{margin:0 var(--divider-element-spacing);flex-shrink:0}.elementor-widget-divider .elementor-icon{font-size:var(--divider-icon-size)}.elementor-widget-divider .elementor-divider-separator{display:flex;margin:0;direction:ltr}.elementor-widget-divider--view-line_icon .elementor-divider-separator,.elementor-widget-divider--view-line_text .elementor-divider-separator{align-items:center}.elementor-widget-divider--view-line_icon .elementor-divider-separator:after,.elementor-widget-divider--view-line_icon .elementor-divider-separator:before,.elementor-widget-divider--view-line_text .elementor-divider-separator:after,.elementor-widget-divider--view-line_text .elementor-divider-separator:before{display:block;content:\"\";border-bottom:0;flex-grow:1;border-top:var(--divider-border-width) var(--divider-border-style) var(--divider-color)}.elementor-widget-divider--element-align-left .elementor-divider .elementor-divider-separator>.elementor-divider__svg:first-of-type{flex-grow:0;flex-shrink:100}.elementor-widget-divider--element-align-left .elementor-divider-separator:before{content:none}.elementor-widget-divider--element-align-left .elementor-divider__element{margin-left:0}.elementor-widget-divider--element-align-right .elementor-divider .elementor-divider-separator>.elementor-divider__svg:last-of-type{flex-grow:0;flex-shrink:100}.elementor-widget-divider--element-align-right .elementor-divider-separator:after{content:none}.elementor-widget-divider--element-align-right .elementor-divider__element{margin-right:0}.elementor-widget-divider:not(.elementor-widget-divider--view-line_text):not(.elementor-widget-divider--view-line_icon) .elementor-divider-separator{border-top:var(--divider-border-width) var(--divider-border-style) var(--divider-color)}.elementor-widget-divider--separator-type-pattern{--divider-border-style:none}.elementor-widget-divider--separator-type-pattern.elementor-widget-divider--view-line .elementor-divider-separator,.elementor-widget-divider--separator-type-pattern:not(.elementor-widget-divider--view-line) .elementor-divider-separator:after,.elementor-widget-divider--separator-type-pattern:not(.elementor-widget-divider--view-line) .elementor-divider-separator:before,.elementor-widget-divider--separator-type-pattern:not([class*=elementor-widget-divider--view]) .elementor-divider-separator{width:100%;min-height:var(--divider-pattern-height);-webkit-mask-size:var(--divider-pattern-size) 100%;mask-size:var(--divider-pattern-size) 100%;-webkit-mask-repeat:var(--divider-pattern-repeat);mask-repeat:var(--divider-pattern-repeat);background-color:var(--divider-color);-webkit-mask-image:var(--divider-pattern-url);mask-image:var(--divider-pattern-url)}.elementor-widget-divider--no-spacing{--divider-pattern-size:auto}.elementor-widget-divider--bg-round{--divider-pattern-repeat:round}.rtl .elementor-widget-divider .elementor-divider__text{direction:rtl}.e-con-inner>.elementor-widget-divider,.e-con>.elementor-widget-divider{width:var(--container-widget-width,100%);--flex-grow:var(--container-widget-flex-grow)}<\/style>\t\t<div class=\"elementor-divider\">\n\t\t\t<span class=\"elementor-divider-separator\">\n\t\t\t\t\t\t<\/span>\n\t\t<\/div>\n\t\t\t\t<\/div>\n\t\t\t\t<\/div>\n\t\t\t\t<div class=\"elementor-element elementor-element-3203759 elementor-widget elementor-widget-image-gallery\" data-id=\"3203759\" data-element_type=\"widget\" data-widget_type=\"image-gallery.default\">\n\t\t\t\t<div class=\"elementor-widget-container\">\n\t\t\t<style>\/*! elementor - v3.14.0 - 26-06-2023 *\/\n.elementor-image-gallery .gallery-item{display:inline-block;text-align:center;vertical-align:top;width:100%;max-width:100%;margin:0 auto}.elementor-image-gallery .gallery-item img{margin:0 auto}.elementor-image-gallery .gallery-item .gallery-caption{margin:0}.elementor-image-gallery figure img{display:block}.elementor-image-gallery figure figcaption{width:100%}.gallery-spacing-custom .elementor-image-gallery .gallery-icon{padding:0}@media (min-width:768px){.elementor-image-gallery .gallery-columns-2 .gallery-item{max-width:50%}.elementor-image-gallery .gallery-columns-3 .gallery-item{max-width:33.33%}.elementor-image-gallery .gallery-columns-4 .gallery-item{max-width:25%}.elementor-image-gallery .gallery-columns-5 .gallery-item{max-width:20%}.elementor-image-gallery .gallery-columns-6 .gallery-item{max-width:16.666%}.elementor-image-gallery .gallery-columns-7 .gallery-item{max-width:14.28%}.elementor-image-gallery .gallery-columns-8 .gallery-item{max-width:12.5%}.elementor-image-gallery .gallery-columns-9 .gallery-item{max-width:11.11%}.elementor-image-gallery .gallery-columns-10 .gallery-item{max-width:10%}}@media (min-width:480px) and (max-width:767px){.elementor-image-gallery .gallery.gallery-columns-2 .gallery-item,.elementor-image-gallery .gallery.gallery-columns-3 .gallery-item,.elementor-image-gallery .gallery.gallery-columns-4 .gallery-item,.elementor-image-gallery .gallery.gallery-columns-5 .gallery-item,.elementor-image-gallery .gallery.gallery-columns-6 .gallery-item,.elementor-image-gallery .gallery.gallery-columns-7 .gallery-item,.elementor-image-gallery .gallery.gallery-columns-8 .gallery-item,.elementor-image-gallery .gallery.gallery-columns-9 .gallery-item,.elementor-image-gallery .gallery.gallery-columns-10 .gallery-item{max-width:50%}}@media (max-width:479px){.elementor-image-gallery .gallery.gallery-columns-2 .gallery-item,.elementor-image-gallery .gallery.gallery-columns-3 .gallery-item,.elementor-image-gallery .gallery.gallery-columns-4 .gallery-item,.elementor-image-gallery .gallery.gallery-columns-5 .gallery-item,.elementor-image-gallery .gallery.gallery-columns-6 .gallery-item,.elementor-image-gallery .gallery.gallery-columns-7 .gallery-item,.elementor-image-gallery .gallery.gallery-columns-8 .gallery-item,.elementor-image-gallery .gallery.gallery-columns-9 .gallery-item,.elementor-image-gallery .gallery.gallery-columns-10 .gallery-item{max-width:100%}}<\/style>\t\t<div class=\"elementor-image-gallery\">\n\t\t\t<div id='gallery-1' class='gallery galleryid-8684 gallery-columns-3 gallery-size-medium'><figure class='gallery-item'>\n\t\t\t<div class='gallery-icon landscape'>\n\t\t\t\t<a data-elementor-open-lightbox=\"yes\" data-elementor-lightbox-slideshow=\"3203759\" data-elementor-lightbox-title=\"Recetas7\" data-e-action-hash=\"#elementor-action%3Aaction%3Dlightbox%26settings%3DeyJpZCI6NzMwOSwidXJsIjoiaHR0cHM6XC9cL3NodWtyYW4uZXNcL3dwLWNvbnRlbnRcL3VwbG9hZHNcLzIwMjFcLzExXC9SZWNldGFzNy5qcGciLCJzbGlkZXNob3ciOiIzMjAzNzU5In0%3D\" href='https:\/\/shukran.es\/wp-content\/uploads\/2021\/11\/Recetas7.jpg'><img loading=\"lazy\" decoding=\"async\" width=\"300\" height=\"201\" src=\"https:\/\/shukran.es\/wp-content\/uploads\/2021\/11\/Recetas7-300x201.jpg\" class=\"attachment-medium size-medium\" alt=\"\" srcset=\"https:\/\/shukran.es\/wp-content\/uploads\/2021\/11\/Recetas7-300x201.jpg 300w, https:\/\/shukran.es\/wp-content\/uploads\/2021\/11\/Recetas7.jpg 610w\" sizes=\"auto, (max-width: 300px) 100vw, 300px\" \/><\/a>\n\t\t\t<\/div><\/figure>\n\t\t<\/div>\n\t\t<\/div>\n\t\t\t\t<\/div>\n\t\t\t\t<\/div>\n\t\t\t\t\t<\/div>\n\t\t<\/div>\n\t\t\t\t\t\t\t<\/div>\n\t\t<\/section>\n\t\t\t\t<section class=\"elementor-section elementor-top-section elementor-element elementor-element-a2baf76 elementor-section-boxed elementor-section-height-default elementor-section-height-default\" data-id=\"a2baf76\" data-element_type=\"section\">\n\t\t\t\t\t\t<div class=\"elementor-container elementor-column-gap-default\">\n\t\t\t\t\t<div class=\"elementor-column elementor-col-100 elementor-top-column elementor-element elementor-element-93ea0a1\" data-id=\"93ea0a1\" data-element_type=\"column\">\n\t\t\t<div class=\"elementor-widget-wrap elementor-element-populated\">\n\t\t\t\t\t\t\t\t<div class=\"elementor-element elementor-element-3ed5dc8 elementor-widget-divider--view-line elementor-widget elementor-widget-divider\" data-id=\"3ed5dc8\" data-element_type=\"widget\" data-widget_type=\"divider.default\">\n\t\t\t\t<div class=\"elementor-widget-container\">\n\t\t\t\t\t<div class=\"elementor-divider\">\n\t\t\t<span class=\"elementor-divider-separator\">\n\t\t\t\t\t\t<\/span>\n\t\t<\/div>\n\t\t\t\t<\/div>\n\t\t\t\t<\/div>\n\t\t\t\t\t<\/div>\n\t\t<\/div>\n\t\t\t\t\t\t\t<\/div>\n\t\t<\/section>\n\t\t\t\t<section class=\"elementor-section elementor-top-section elementor-element elementor-element-33e8caa elementor-section-boxed elementor-section-height-default elementor-section-height-default\" data-id=\"33e8caa\" data-element_type=\"section\">\n\t\t\t\t\t\t<div class=\"elementor-container elementor-column-gap-default\">\n\t\t\t\t\t<div class=\"elementor-column elementor-col-100 elementor-top-column elementor-element elementor-element-7b02cb7\" data-id=\"7b02cb7\" data-element_type=\"column\">\n\t\t\t<div class=\"elementor-widget-wrap elementor-element-populated\">\n\t\t\t\t\t\t\t\t<div class=\"elementor-element elementor-element-d57ce8b elementor-widget elementor-widget-html\" data-id=\"d57ce8b\" data-element_type=\"widget\" data-widget_type=\"html.default\">\n\t\t\t\t<div class=\"elementor-widget-container\">\n\t\t\t<div style=\"display: flex;\">\n    <a class=\"pdfDocLink\" href=\"https:\/\/shukran.es\/wp-content\/uploads\/2024\/11\/Shukran-and-mensajeros-de-la-paz-distribute-150-menus.pdf\">\n    <div style=\"display: flex; flex-direction: column; justify-content: center; align-items: center; margin-right: 30px;\">\n        <img decoding=\"async\" src=\"\/wp-content\/uploads\/2021\/12\/pdf.png\" style=\"width: 50px; margin-bottom: 7px;\" \/>\n        <span style=\"color: #000\">VIEW PDF<\/span>\n    <\/div>\n    <\/a>\n    <a class=\"pdfDocLink\" href=\"\/wp-content\/uploads\/2023\/07\/Shukran-Group-y-Mensajeros-de-la-Paz-preparan-150-menus-de-San-Isidro_esp.docx\">\n    <div style=\"display: flex; flex-direction: column; justify-content: center; align-items: center;\">\n        <img decoding=\"async\" src=\"\/wp-content\/uploads\/2021\/12\/doc.png\" style=\"width: 50px; margin-bottom: 7px;\" \/>\n        <span style=\"color: #000\">VIEW DOC (ESP)<\/span>\n    <\/div>\n    <\/a>\n<\/div>\t\t<\/div>\n\t\t\t\t<\/div>\n\t\t\t\t\t<\/div>\n\t\t<\/div>\n\t\t\t\t\t\t\t<\/div>\n\t\t<\/section>\n\t\t\t\t\t\t\t<\/div>","protected":false},"excerpt":{"rendered":"<p>Shukran Foods y Mensajeros de la Paz reparten 150 men\u00fas por San Isidro para los m\u00e1s necesitados VER PDF VER WORD<\/p>","protected":false},"author":1,"featured_media":0,"parent":0,"menu_order":0,"comment_status":"closed","ping_status":"closed","template":"elementor_header_footer","meta":{"_acf_changed":false,"footnotes":""},"class_list":["post-8684","page","type-page","status-publish","hentry"],"acf":[],"yoast_head":"<!-- This site is optimized with the Yoast SEO plugin v26.1.1 - https:\/\/yoast.com\/wordpress\/plugins\/seo\/ -->\n<title>Shukran Foods y Mensajeros de la Paz reparten 150 men\u00fas por San Isidro para los m\u00e1s necesitados - Shukran Foods<\/title>\n<meta name=\"robots\" content=\"index, follow, max-snippet:-1, max-image-preview:large, max-video-preview:-1\" \/>\n<link rel=\"canonical\" href=\"https:\/\/shukran.es\/eng\/shukran-foods-y-mensajeros-de-la-paz-reparten-150-menus-por-san-isidro-para-los-mas-necesitados\/\" \/>\n<meta property=\"og:locale\" content=\"en_US\" \/>\n<meta property=\"og:type\" content=\"article\" \/>\n<meta property=\"og:title\" content=\"Shukran Foods y Mensajeros de la Paz reparten 150 men\u00fas por San Isidro para los m\u00e1s necesitados - Shukran Foods\" \/>\n<meta property=\"og:description\" content=\"Shukran Foods y Mensajeros de la Paz reparten 150 men\u00fas por San Isidro para los m\u00e1s necesitados VER PDF VER WORD\" \/>\n<meta property=\"og:url\" content=\"https:\/\/shukran.es\/eng\/shukran-foods-y-mensajeros-de-la-paz-reparten-150-menus-por-san-isidro-para-los-mas-necesitados\/\" \/>\n<meta property=\"og:site_name\" content=\"Shukran Foods\" \/>\n<meta property=\"article:publisher\" content=\"https:\/\/www.facebook.com\/HummusShukran\" \/>\n<meta property=\"article:modified_time\" content=\"2023-07-24T19:42:57+00:00\" \/>\n<meta property=\"og:image\" content=\"https:\/\/shukran.es\/wp-content\/uploads\/2021\/11\/Recetas7-300x201.jpg\" \/>\n<meta name=\"twitter:card\" content=\"summary_large_image\" \/>\n<meta name=\"twitter:site\" content=\"@shukran_foods\" \/>\n<meta name=\"twitter:label1\" content=\"Est. reading time\" \/>\n\t<meta name=\"twitter:data1\" content=\"2 minutes\" \/>\n<script type=\"application\/ld+json\" class=\"yoast-schema-graph\">{\"@context\":\"https:\/\/schema.org\",\"@graph\":[{\"@type\":\"WebPage\",\"@id\":\"https:\/\/shukran.es\/shukran-foods-y-mensajeros-de-la-paz-reparten-150-menus-por-san-isidro-para-los-mas-necesitados\/\",\"url\":\"https:\/\/shukran.es\/shukran-foods-y-mensajeros-de-la-paz-reparten-150-menus-por-san-isidro-para-los-mas-necesitados\/\",\"name\":\"Shukran Foods y Mensajeros de la Paz reparten 150 men\u00fas por San Isidro para los m\u00e1s necesitados - Shukran Foods\",\"isPartOf\":{\"@id\":\"https:\/\/shukran.es\/#website\"},\"primaryImageOfPage\":{\"@id\":\"https:\/\/shukran.es\/shukran-foods-y-mensajeros-de-la-paz-reparten-150-menus-por-san-isidro-para-los-mas-necesitados\/#primaryimage\"},\"image\":{\"@id\":\"https:\/\/shukran.es\/shukran-foods-y-mensajeros-de-la-paz-reparten-150-menus-por-san-isidro-para-los-mas-necesitados\/#primaryimage\"},\"thumbnailUrl\":\"https:\/\/shukran.es\/wp-content\/uploads\/2021\/11\/Recetas7-300x201.jpg\",\"datePublished\":\"2023-07-24T19:38:50+00:00\",\"dateModified\":\"2023-07-24T19:42:57+00:00\",\"breadcrumb\":{\"@id\":\"https:\/\/shukran.es\/shukran-foods-y-mensajeros-de-la-paz-reparten-150-menus-por-san-isidro-para-los-mas-necesitados\/#breadcrumb\"},\"inLanguage\":\"en-US\",\"potentialAction\":[{\"@type\":\"ReadAction\",\"target\":[\"https:\/\/shukran.es\/shukran-foods-y-mensajeros-de-la-paz-reparten-150-menus-por-san-isidro-para-los-mas-necesitados\/\"]}]},{\"@type\":\"ImageObject\",\"inLanguage\":\"en-US\",\"@id\":\"https:\/\/shukran.es\/shukran-foods-y-mensajeros-de-la-paz-reparten-150-menus-por-san-isidro-para-los-mas-necesitados\/#primaryimage\",\"url\":\"https:\/\/shukran.es\/wp-content\/uploads\/2021\/11\/Recetas7-300x201.jpg\",\"contentUrl\":\"https:\/\/shukran.es\/wp-content\/uploads\/2021\/11\/Recetas7-300x201.jpg\"},{\"@type\":\"BreadcrumbList\",\"@id\":\"https:\/\/shukran.es\/shukran-foods-y-mensajeros-de-la-paz-reparten-150-menus-por-san-isidro-para-los-mas-necesitados\/#breadcrumb\",\"itemListElement\":[{\"@type\":\"ListItem\",\"position\":1,\"name\":\"Portada\",\"item\":\"https:\/\/shukran.es\/\"},{\"@type\":\"ListItem\",\"position\":2,\"name\":\"Shukran Foods y Mensajeros de la Paz reparten 150 men\u00fas por San Isidro para los m\u00e1s necesitados\"}]},{\"@type\":\"WebSite\",\"@id\":\"https:\/\/shukran.es\/#website\",\"url\":\"https:\/\/shukran.es\/\",\"name\":\"Shukran Foods\",\"description\":\"Hummus 100% Natural para toda la familia\",\"publisher\":{\"@id\":\"https:\/\/shukran.es\/#organization\"},\"potentialAction\":[{\"@type\":\"SearchAction\",\"target\":{\"@type\":\"EntryPoint\",\"urlTemplate\":\"https:\/\/shukran.es\/?s={search_term_string}\"},\"query-input\":{\"@type\":\"PropertyValueSpecification\",\"valueRequired\":true,\"valueName\":\"search_term_string\"}}],\"inLanguage\":\"en-US\"},{\"@type\":\"Organization\",\"@id\":\"https:\/\/shukran.es\/#organization\",\"name\":\"Shukran\",\"url\":\"https:\/\/shukran.es\/\",\"logo\":{\"@type\":\"ImageObject\",\"inLanguage\":\"en-US\",\"@id\":\"https:\/\/shukran.es\/#\/schema\/logo\/image\/\",\"url\":\"https:\/\/shukran.es\/wp-content\/uploads\/2021\/11\/Logo_Shukran.png\",\"contentUrl\":\"https:\/\/shukran.es\/wp-content\/uploads\/2021\/11\/Logo_Shukran.png\",\"width\":220,\"height\":106,\"caption\":\"Shukran\"},\"image\":{\"@id\":\"https:\/\/shukran.es\/#\/schema\/logo\/image\/\"},\"sameAs\":[\"https:\/\/www.facebook.com\/HummusShukran\",\"https:\/\/x.com\/shukran_foods\",\"https:\/\/www.instagram.com\/shukran_foods\/\",\"https:\/\/www.linkedin.com\/company\/shukran\/?originalSubdomain=es\",\"https:\/\/www.youtube.com\/user\/ShukranRestaurant\"]}]}<\/script>\n<!-- \/ Yoast SEO plugin. -->","yoast_head_json":{"title":"Shukran Foods y Mensajeros de la Paz reparten 150 men\u00fas por San Isidro para los m\u00e1s necesitados - Shukran Foods","robots":{"index":"index","follow":"follow","max-snippet":"max-snippet:-1","max-image-preview":"max-image-preview:large","max-video-preview":"max-video-preview:-1"},"canonical":"https:\/\/shukran.es\/eng\/shukran-foods-y-mensajeros-de-la-paz-reparten-150-menus-por-san-isidro-para-los-mas-necesitados\/","og_locale":"en_US","og_type":"article","og_title":"Shukran Foods y Mensajeros de la Paz reparten 150 men\u00fas por San Isidro para los m\u00e1s necesitados - Shukran Foods","og_description":"Shukran Foods y Mensajeros de la Paz reparten 150 men\u00fas por San Isidro para los m\u00e1s necesitados VER PDF VER WORD","og_url":"https:\/\/shukran.es\/eng\/shukran-foods-y-mensajeros-de-la-paz-reparten-150-menus-por-san-isidro-para-los-mas-necesitados\/","og_site_name":"Shukran Foods","article_publisher":"https:\/\/www.facebook.com\/HummusShukran","article_modified_time":"2023-07-24T19:42:57+00:00","og_image":[{"url":"https:\/\/shukran.es\/wp-content\/uploads\/2021\/11\/Recetas7-300x201.jpg","type":"","width":"","height":""}],"twitter_card":"summary_large_image","twitter_site":"@shukran_foods","twitter_misc":{"Est. reading time":"2 minutes"},"schema":{"@context":"https:\/\/schema.org","@graph":[{"@type":"WebPage","@id":"https:\/\/shukran.es\/shukran-foods-y-mensajeros-de-la-paz-reparten-150-menus-por-san-isidro-para-los-mas-necesitados\/","url":"https:\/\/shukran.es\/shukran-foods-y-mensajeros-de-la-paz-reparten-150-menus-por-san-isidro-para-los-mas-necesitados\/","name":"Shukran Foods y Mensajeros de la Paz reparten 150 men\u00fas por San Isidro para los m\u00e1s necesitados - Shukran Foods","isPartOf":{"@id":"https:\/\/shukran.es\/#website"},"primaryImageOfPage":{"@id":"https:\/\/shukran.es\/shukran-foods-y-mensajeros-de-la-paz-reparten-150-menus-por-san-isidro-para-los-mas-necesitados\/#primaryimage"},"image":{"@id":"https:\/\/shukran.es\/shukran-foods-y-mensajeros-de-la-paz-reparten-150-menus-por-san-isidro-para-los-mas-necesitados\/#primaryimage"},"thumbnailUrl":"https:\/\/shukran.es\/wp-content\/uploads\/2021\/11\/Recetas7-300x201.jpg","datePublished":"2023-07-24T19:38:50+00:00","dateModified":"2023-07-24T19:42:57+00:00","breadcrumb":{"@id":"https:\/\/shukran.es\/shukran-foods-y-mensajeros-de-la-paz-reparten-150-menus-por-san-isidro-para-los-mas-necesitados\/#breadcrumb"},"inLanguage":"en-US","potentialAction":[{"@type":"ReadAction","target":["https:\/\/shukran.es\/shukran-foods-y-mensajeros-de-la-paz-reparten-150-menus-por-san-isidro-para-los-mas-necesitados\/"]}]},{"@type":"ImageObject","inLanguage":"en-US","@id":"https:\/\/shukran.es\/shukran-foods-y-mensajeros-de-la-paz-reparten-150-menus-por-san-isidro-para-los-mas-necesitados\/#primaryimage","url":"https:\/\/shukran.es\/wp-content\/uploads\/2021\/11\/Recetas7-300x201.jpg","contentUrl":"https:\/\/shukran.es\/wp-content\/uploads\/2021\/11\/Recetas7-300x201.jpg"},{"@type":"BreadcrumbList","@id":"https:\/\/shukran.es\/shukran-foods-y-mensajeros-de-la-paz-reparten-150-menus-por-san-isidro-para-los-mas-necesitados\/#breadcrumb","itemListElement":[{"@type":"ListItem","position":1,"name":"Portada","item":"https:\/\/shukran.es\/"},{"@type":"ListItem","position":2,"name":"Shukran Foods y Mensajeros de la Paz reparten 150 men\u00fas por San Isidro para los m\u00e1s necesitados"}]},{"@type":"WebSite","@id":"https:\/\/shukran.es\/#website","url":"https:\/\/shukran.es\/","name":"Shukran Foods","description":"Hummus 100% Natural para toda la familia","publisher":{"@id":"https:\/\/shukran.es\/#organization"},"potentialAction":[{"@type":"SearchAction","target":{"@type":"EntryPoint","urlTemplate":"https:\/\/shukran.es\/?s={search_term_string}"},"query-input":{"@type":"PropertyValueSpecification","valueRequired":true,"valueName":"search_term_string"}}],"inLanguage":"en-US"},{"@type":"Organization","@id":"https:\/\/shukran.es\/#organization","name":"Shukran","url":"https:\/\/shukran.es\/","logo":{"@type":"ImageObject","inLanguage":"en-US","@id":"https:\/\/shukran.es\/#\/schema\/logo\/image\/","url":"https:\/\/shukran.es\/wp-content\/uploads\/2021\/11\/Logo_Shukran.png","contentUrl":"https:\/\/shukran.es\/wp-content\/uploads\/2021\/11\/Logo_Shukran.png","width":220,"height":106,"caption":"Shukran"},"image":{"@id":"https:\/\/shukran.es\/#\/schema\/logo\/image\/"},"sameAs":["https:\/\/www.facebook.com\/HummusShukran","https:\/\/x.com\/shukran_foods","https:\/\/www.instagram.com\/shukran_foods\/","https:\/\/www.linkedin.com\/company\/shukran\/?originalSubdomain=es","https:\/\/www.youtube.com\/user\/ShukranRestaurant"]}]}},"_links":{"self":[{"href":"https:\/\/shukran.es\/eng\/wp-json\/wp\/v2\/pages\/8684","targetHints":{"allow":["GET"]}}],"collection":[{"href":"https:\/\/shukran.es\/eng\/wp-json\/wp\/v2\/pages"}],"about":[{"href":"https:\/\/shukran.es\/eng\/wp-json\/wp\/v2\/types\/page"}],"author":[{"embeddable":true,"href":"https:\/\/shukran.es\/eng\/wp-json\/wp\/v2\/users\/1"}],"replies":[{"embeddable":true,"href":"https:\/\/shukran.es\/eng\/wp-json\/wp\/v2\/comments?post=8684"}],"version-history":[{"count":4,"href":"https:\/\/shukran.es\/eng\/wp-json\/wp\/v2\/pages\/8684\/revisions"}],"predecessor-version":[{"id":8689,"href":"https:\/\/shukran.es\/eng\/wp-json\/wp\/v2\/pages\/8684\/revisions\/8689"}],"wp:attachment":[{"href":"https:\/\/shukran.es\/eng\/wp-json\/wp\/v2\/media?parent=8684"}],"curies":[{"name":"wp","href":"https:\/\/api.w.org\/{rel}","templated":true}]}}